{"id":1318,"date":"2025-05-10T09:21:00","date_gmt":"2025-05-10T07:21:00","guid":{"rendered":"http:\/\/berekobenta.local\/targetes-regal\/"},"modified":"2025-05-15T17:11:23","modified_gmt":"2025-05-15T15:11:23","slug":"targetes-regal","status":"publish","type":"page","link":"https:\/\/berekobenta.com\/ca\/targetes-regal\/","title":{"rendered":"Targetes regal"},"content":{"rendered":"\t\t<div data-elementor-type=\"wp-page\" data-elementor-id=\"1318\" class=\"elementor elementor-1318 elementor-94\" data-elementor-post-type=\"page\">\n\t\t\t\t\t\t<section class=\"elementor-section elementor-top-section elementor-element elementor-element-2f388b0b elementor-section-boxed elementor-section-height-default elementor-section-height-default\" data-id=\"2f388b0b\" data-element_type=\"section\" data-settings=\"{&quot;background_background&quot;:&quot;classic&quot;}\">\n\t\t\t\t\t\t\t<div class=\"elementor-background-overlay\"><\/div>\n\t\t\t\t\t\t\t<div class=\"elementor-container elementor-column-gap-default\">\n\t\t\t\t\t<div class=\"elementor-column elementor-col-100 elementor-top-column elementor-element elementor-element-61541df9\" data-id=\"61541df9\" data-element_type=\"column\">\n\t\t\t<div class=\"elementor-widget-wrap elementor-element-populated\">\n\t\t\t\t\t\t<div class=\"elementor-element elementor-element-465d0e32 elementor-invisible elementor-widget elementor-widget-heading\" data-id=\"465d0e32\" data-element_type=\"widget\" data-settings=\"{&quot;_animation&quot;:&quot;fadeIn&quot;}\" data-widget_type=\"heading.default\">\n\t\t\t\t<div class=\"elementor-widget-container\">\n\t\t\t\t\t<h1 class=\"elementor-heading-title elementor-size-default\">Targetes regal<\/h1>\t\t\t\t<\/div>\n\t\t\t\t<\/div>\n\t\t\t\t<div class=\"elementor-element elementor-element-2e4824d2 elementor-widget elementor-widget-spacer\" data-id=\"2e4824d2\" data-element_type=\"widget\" data-widget_type=\"spacer.default\">\n\t\t\t\t<div class=\"elementor-widget-container\">\n\t\t\t\t\t\t\t<div class=\"elementor-spacer\">\n\t\t\t<div class=\"elementor-spacer-inner\"><\/div>\n\t\t<\/div>\n\t\t\t\t\t\t<\/div>\n\t\t\t\t<\/div>\n\t\t\t\t<div class=\"elementor-element elementor-element-36cbb0e9 elementor-icon-list--layout-inline elementor-align-center elementor-widget__width-auto elementor-list-item-link-full_width elementor-invisible elementor-widget elementor-widget-icon-list\" data-id=\"36cbb0e9\" data-element_type=\"widget\" data-settings=\"{&quot;_animation&quot;:&quot;fadeInUp&quot;,&quot;_animation_delay&quot;:720}\" data-widget_type=\"icon-list.default\">\n\t\t\t\t<div class=\"elementor-widget-container\">\n\t\t\t\t\t\t\t<ul class=\"elementor-icon-list-items elementor-inline-items\">\n\t\t\t\t\t\t\t<li class=\"elementor-icon-list-item elementor-inline-item\">\n\t\t\t\t\t\t\t\t\t\t\t<a href=\"\/index.php\">\n\n\t\t\t\t\t\t\t\t\t\t\t<span class=\"elementor-icon-list-text\">Inici<\/span>\n\t\t\t\t\t\t\t\t\t\t\t<\/a>\n\t\t\t\t\t\t\t\t\t<\/li>\n\t\t\t\t\t\t\t\t<li class=\"elementor-icon-list-item elementor-inline-item\">\n\t\t\t\t\t\t\t\t\t\t\t<span class=\"elementor-icon-list-icon\">\n\t\t\t\t\t\t\t<i aria-hidden=\"true\" class=\"el el-chevron-right\"><\/i>\t\t\t\t\t\t<\/span>\n\t\t\t\t\t\t\t\t\t\t<span class=\"elementor-icon-list-text\">Targetes<\/span>\n\t\t\t\t\t\t\t\t\t<\/li>\n\t\t\t\t\t\t<\/ul>\n\t\t\t\t\t\t<\/div>\n\t\t\t\t<\/div>\n\t\t\t\t\t<\/div>\n\t\t<\/div>\n\t\t\t\t\t<\/div>\n\t\t<\/section>\n\t\t<div class=\"elementor-element elementor-element-ef77f61 e-flex e-con-boxed e-con e-parent\" data-id=\"ef77f61\" data-element_type=\"container\">\n\t\t\t\t\t<div class=\"e-con-inner\">\n\t\t\t\t<div class=\"elementor-element elementor-element-1989a29 elementor-widget__width-inherit elementor-invisible elementor-widget elementor-widget-heading\" data-id=\"1989a29\" data-element_type=\"widget\" data-settings=\"{&quot;_animation&quot;:&quot;fadeInUp&quot;}\" data-widget_type=\"heading.default\">\n\t\t\t\t<div class=\"elementor-widget-container\">\n\t\t\t\t\t<h2 class=\"elementor-heading-title elementor-size-default\">Regala Bereko Benta<\/h2>\t\t\t\t<\/div>\n\t\t\t\t<\/div>\n\t\t\t\t<div class=\"elementor-element elementor-element-e7d182c elementor-widget__width-inherit elementor-widget elementor-widget-heading\" data-id=\"e7d182c\" data-element_type=\"widget\" data-widget_type=\"heading.default\">\n\t\t\t\t<div class=\"elementor-widget-container\">\n\t\t\t\t\t<h2 class=\"elementor-heading-title elementor-size-default\">Targetes regal<\/h2>\t\t\t\t<\/div>\n\t\t\t\t<\/div>\n\t\t\t\t<div class=\"elementor-element elementor-element-5d39f8f elementor-widget__width-inherit elementor-widget-mobile__width-inherit elementor-widget elementor-widget-text-editor\" data-id=\"5d39f8f\" data-element_type=\"widget\" data-widget_type=\"text-editor.default\">\n\t\t\t\t<div class=\"elementor-widget-container\">\n\t\t\t\t\t\t\t\t\t<div class=\"h-text h-text-component style-504 style-com-156-c19 position-relative h-element\" data-colibri-id=\"156-c19\"><div class=\"\"><p>Regala Bereko Benta, esperem oferir-vos una experi\u00e8ncia, un moment de plaer, que faci sentir-vos a tu i als teus ben cuidats i de gust.<\/p><\/div><\/div>\t\t\t\t\t\t\t\t<\/div>\n\t\t\t\t<\/div>\n\t\t\t\t\t<\/div>\n\t\t\t\t<\/div>\n\t\t<div class=\"elementor-element elementor-element-b96672e e-flex e-con-boxed e-con e-parent\" data-id=\"b96672e\" data-element_type=\"container\">\n\t\t\t\t\t<div class=\"e-con-inner\">\n\t\t<div class=\"elementor-element elementor-element-e4d4fec e-con-full e-flex e-con e-child\" data-id=\"e4d4fec\" data-element_type=\"container\">\n\t\t\t\t<div class=\"elementor-element elementor-element-174762a elementor-widget elementor-widget-image\" data-id=\"174762a\" data-element_type=\"widget\" data-widget_type=\"image.default\">\n\t\t\t\t<div class=\"elementor-widget-container\">\n\t\t\t\t\t\t\t\t\t\t\t\t\t\t\t<img fetchpriority=\"high\" decoding=\"async\" width=\"595\" height=\"842\" src=\"https:\/\/berekobenta.com\/wp-content\/uploads\/2025\/05\/bereko-benta-opari-txartelak.jpg\" class=\"attachment-large size-large wp-image-1026\" alt=\"\" srcset=\"https:\/\/berekobenta.com\/wp-content\/uploads\/2025\/05\/bereko-benta-opari-txartelak.jpg 595w, https:\/\/berekobenta.com\/wp-content\/uploads\/2025\/05\/bereko-benta-opari-txartelak-212x300.jpg 212w\" sizes=\"(max-width: 595px) 100vw, 595px\" \/>\t\t\t\t\t\t\t\t\t\t\t\t\t\t\t<\/div>\n\t\t\t\t<\/div>\n\t\t\t\t<\/div>\n\t\t<div class=\"elementor-element elementor-element-bb8da8d e-con-full e-flex e-con e-child\" data-id=\"bb8da8d\" data-element_type=\"container\">\n\t\t\t\t<div class=\"elementor-element elementor-element-c9e67ad elementor-widget elementor-widget-image\" data-id=\"c9e67ad\" data-element_type=\"widget\" data-widget_type=\"image.default\">\n\t\t\t\t<div class=\"elementor-widget-container\">\n\t\t\t\t\t\t\t\t\t\t\t\t\t\t\t<img decoding=\"async\" width=\"595\" height=\"842\" src=\"https:\/\/berekobenta.com\/wp-content\/uploads\/2025\/05\/bereko-benta-opari-txartelak2.jpg\" class=\"attachment-large size-large wp-image-1022\" alt=\"\" srcset=\"https:\/\/berekobenta.com\/wp-content\/uploads\/2025\/05\/bereko-benta-opari-txartelak2.jpg 595w, https:\/\/berekobenta.com\/wp-content\/uploads\/2025\/05\/bereko-benta-opari-txartelak2-212x300.jpg 212w\" sizes=\"(max-width: 595px) 100vw, 595px\" \/>\t\t\t\t\t\t\t\t\t\t\t\t\t\t\t<\/div>\n\t\t\t\t<\/div>\n\t\t\t\t<\/div>\n\t\t<div class=\"elementor-element elementor-element-b819be6 e-con-full e-flex e-con e-child\" data-id=\"b819be6\" data-element_type=\"container\">\n\t\t\t\t<div class=\"elementor-element elementor-element-d5ba7f5 elementor-widget elementor-widget-image\" data-id=\"d5ba7f5\" data-element_type=\"widget\" data-widget_type=\"image.default\">\n\t\t\t\t<div class=\"elementor-widget-container\">\n\t\t\t\t\t\t\t\t\t\t\t\t\t\t\t<img decoding=\"async\" width=\"595\" height=\"842\" src=\"https:\/\/berekobenta.com\/wp-content\/uploads\/2025\/05\/bereko-benta-opari-txartelak3.jpg\" class=\"attachment-large size-large wp-image-1060\" alt=\"\" srcset=\"https:\/\/berekobenta.com\/wp-content\/uploads\/2025\/05\/bereko-benta-opari-txartelak3.jpg 595w, https:\/\/berekobenta.com\/wp-content\/uploads\/2025\/05\/bereko-benta-opari-txartelak3-212x300.jpg 212w\" sizes=\"(max-width: 595px) 100vw, 595px\" \/>\t\t\t\t\t\t\t\t\t\t\t\t\t\t\t<\/div>\n\t\t\t\t<\/div>\n\t\t\t\t<\/div>\n\t\t<div class=\"elementor-element elementor-element-e1b56f0 e-con-full e-flex e-con e-child\" data-id=\"e1b56f0\" data-element_type=\"container\">\n\t\t\t\t<div class=\"elementor-element elementor-element-d9e4488 elementor-widget elementor-widget-image\" data-id=\"d9e4488\" data-element_type=\"widget\" data-widget_type=\"image.default\">\n\t\t\t\t<div class=\"elementor-widget-container\">\n\t\t\t\t\t\t\t\t\t\t\t\t\t\t\t<img loading=\"lazy\" decoding=\"async\" width=\"595\" height=\"842\" src=\"https:\/\/berekobenta.com\/wp-content\/uploads\/2025\/05\/bereko-benta-opari-txartelak4.jpg\" class=\"attachment-large size-large wp-image-1018\" alt=\"\" srcset=\"https:\/\/berekobenta.com\/wp-content\/uploads\/2025\/05\/bereko-benta-opari-txartelak4.jpg 595w, https:\/\/berekobenta.com\/wp-content\/uploads\/2025\/05\/bereko-benta-opari-txartelak4-212x300.jpg 212w\" sizes=\"(max-width: 595px) 100vw, 595px\" \/>\t\t\t\t\t\t\t\t\t\t\t\t\t\t\t<\/div>\n\t\t\t\t<\/div>\n\t\t\t\t<\/div>\n\t\t\t\t\t<\/div>\n\t\t\t\t<\/div>\n\t\t\t\t<\/div>\n\t\t","protected":false},"excerpt":{"rendered":"<p>Targetes regal Inici Targetes Regala Bereko Benta Targetes regal Regala Bereko Benta, esperem oferir-vos una experi\u00e8ncia, un moment de plaer, que faci sentir-vos a tu i als teus ben cuidats i de gust.<\/p>\n","protected":false},"author":1,"featured_media":910,"parent":0,"menu_order":0,"comment_status":"closed","ping_status":"closed","template":"elementor_header_footer","meta":{"footnotes":""},"class_list":["post-1318","page","type-page","status-publish","has-post-thumbnail","hentry"],"yoast_head":"<!-- This site is optimized with the Yoast SEO plugin v26.7 - https:\/\/yoast.com\/wordpress\/plugins\/seo\/ -->\n<title>Regala un dinar al teu \u00e9sser estimat, targetes regal | Berekobenta<\/title>\n<meta name=\"description\" content=\"Et donem l&#039;opci\u00f3 de regalar a qui vulguis, un bo sorpresa perqu\u00e8 puguin venir a dinar al nostre restaurant. Doneu-los una sorpresa.\" \/>\n<meta name=\"robots\" content=\"index, follow, max-snippet:-1, max-image-preview:large, max-video-preview:-1\" \/>\n<link rel=\"canonical\" href=\"https:\/\/berekobenta.com\/ca\/targetes-regal\/\" \/>\n<meta property=\"og:locale\" content=\"ca_ES\" \/>\n<meta property=\"og:type\" content=\"article\" \/>\n<meta property=\"og:title\" content=\"Regala un dinar al teu \u00e9sser estimat, targetes regal | Berekobenta\" \/>\n<meta property=\"og:description\" content=\"Et donem l&#039;opci\u00f3 de regalar a qui vulguis, un bo sorpresa perqu\u00e8 puguin venir a dinar al nostre restaurant. Doneu-los una sorpresa.\" \/>\n<meta property=\"og:url\" content=\"https:\/\/berekobenta.com\/ca\/targetes-regal\/\" \/>\n<meta property=\"og:site_name\" content=\"BerekoBenta\" \/>\n<meta property=\"article:publisher\" content=\"https:\/\/www.facebook.com\/people\/Bereko-Benta\/\" \/>\n<meta property=\"article:modified_time\" content=\"2025-05-15T15:11:23+00:00\" \/>\n<meta property=\"og:image\" content=\"https:\/\/berekobenta.com\/wp-content\/uploads\/2025\/05\/tarjetas-regalo-berekobenta.jpg\" \/>\n\t<meta property=\"og:image:width\" content=\"966\" \/>\n\t<meta property=\"og:image:height\" content=\"752\" \/>\n\t<meta property=\"og:image:type\" content=\"image\/jpeg\" \/>\n<meta name=\"twitter:card\" content=\"summary_large_image\" \/>\n<script type=\"application\/ld+json\" class=\"yoast-schema-graph\">{\"@context\":\"https:\/\/schema.org\",\"@graph\":[{\"@type\":\"WebPage\",\"@id\":\"https:\/\/berekobenta.com\/ca\/targetes-regal\/\",\"url\":\"https:\/\/berekobenta.com\/ca\/targetes-regal\/\",\"name\":\"Regala un dinar al teu \u00e9sser estimat, targetes regal | Berekobenta\",\"isPartOf\":{\"@id\":\"https:\/\/berekobenta.com\/ca\/#website\"},\"primaryImageOfPage\":{\"@id\":\"https:\/\/berekobenta.com\/ca\/targetes-regal\/#primaryimage\"},\"image\":{\"@id\":\"https:\/\/berekobenta.com\/ca\/targetes-regal\/#primaryimage\"},\"thumbnailUrl\":\"https:\/\/berekobenta.com\/wp-content\/uploads\/2025\/05\/tarjetas-regalo-berekobenta.jpg\",\"datePublished\":\"2025-05-10T07:21:00+00:00\",\"dateModified\":\"2025-05-15T15:11:23+00:00\",\"description\":\"Et donem l'opci\u00f3 de regalar a qui vulguis, un bo sorpresa perqu\u00e8 puguin venir a dinar al nostre restaurant. Doneu-los una sorpresa.\",\"breadcrumb\":{\"@id\":\"https:\/\/berekobenta.com\/ca\/targetes-regal\/#breadcrumb\"},\"inLanguage\":\"ca\",\"potentialAction\":[{\"@type\":\"ReadAction\",\"target\":[\"https:\/\/berekobenta.com\/ca\/targetes-regal\/\"]}]},{\"@type\":\"ImageObject\",\"inLanguage\":\"ca\",\"@id\":\"https:\/\/berekobenta.com\/ca\/targetes-regal\/#primaryimage\",\"url\":\"https:\/\/berekobenta.com\/wp-content\/uploads\/2025\/05\/tarjetas-regalo-berekobenta.jpg\",\"contentUrl\":\"https:\/\/berekobenta.com\/wp-content\/uploads\/2025\/05\/tarjetas-regalo-berekobenta.jpg\",\"width\":966,\"height\":752,\"caption\":\"tarjetas-regalo-berekobenta\"},{\"@type\":\"BreadcrumbList\",\"@id\":\"https:\/\/berekobenta.com\/ca\/targetes-regal\/#breadcrumb\",\"itemListElement\":[{\"@type\":\"ListItem\",\"position\":1,\"name\":\"Portada\",\"item\":\"https:\/\/berekobenta.com\/ca\/\"},{\"@type\":\"ListItem\",\"position\":2,\"name\":\"Targetes regal\"}]},{\"@type\":\"WebSite\",\"@id\":\"https:\/\/berekobenta.com\/ca\/#website\",\"url\":\"https:\/\/berekobenta.com\/ca\/\",\"name\":\"BerekoBenta en Izpegui\",\"description\":\"Un lugar agradable donde comer bien\",\"publisher\":{\"@id\":\"https:\/\/berekobenta.com\/ca\/#organization\"},\"potentialAction\":[{\"@type\":\"SearchAction\",\"target\":{\"@type\":\"EntryPoint\",\"urlTemplate\":\"https:\/\/berekobenta.com\/ca\/?s={search_term_string}\"},\"query-input\":{\"@type\":\"PropertyValueSpecification\",\"valueRequired\":true,\"valueName\":\"search_term_string\"}}],\"inLanguage\":\"ca\"},{\"@type\":\"Organization\",\"@id\":\"https:\/\/berekobenta.com\/ca\/#organization\",\"name\":\"BerekoBenta Restaurante\",\"url\":\"https:\/\/berekobenta.com\/ca\/\",\"logo\":{\"@type\":\"ImageObject\",\"inLanguage\":\"ca\",\"@id\":\"https:\/\/berekobenta.com\/ca\/#\/schema\/logo\/image\/\",\"url\":\"https:\/\/berekobenta.com\/wp-content\/uploads\/2025\/05\/Bereko-benta-logo.png\",\"contentUrl\":\"https:\/\/berekobenta.com\/wp-content\/uploads\/2025\/05\/Bereko-benta-logo.png\",\"width\":512,\"height\":512,\"caption\":\"BerekoBenta Restaurante\"},\"image\":{\"@id\":\"https:\/\/berekobenta.com\/ca\/#\/schema\/logo\/image\/\"},\"sameAs\":[\"https:\/\/www.facebook.com\/people\/Bereko-Benta\/\",\"https:\/\/www.instagram.com\/berekobentaizpegi\/\"]}]}<\/script>\n<!-- \/ Yoast SEO plugin. -->","yoast_head_json":{"title":"Regala un dinar al teu \u00e9sser estimat, targetes regal | Berekobenta","description":"Et donem l'opci\u00f3 de regalar a qui vulguis, un bo sorpresa perqu\u00e8 puguin venir a dinar al nostre restaurant. Doneu-los una sorpresa.","robots":{"index":"index","follow":"follow","max-snippet":"max-snippet:-1","max-image-preview":"max-image-preview:large","max-video-preview":"max-video-preview:-1"},"canonical":"https:\/\/berekobenta.com\/ca\/targetes-regal\/","og_locale":"ca_ES","og_type":"article","og_title":"Regala un dinar al teu \u00e9sser estimat, targetes regal | Berekobenta","og_description":"Et donem l'opci\u00f3 de regalar a qui vulguis, un bo sorpresa perqu\u00e8 puguin venir a dinar al nostre restaurant. Doneu-los una sorpresa.","og_url":"https:\/\/berekobenta.com\/ca\/targetes-regal\/","og_site_name":"BerekoBenta","article_publisher":"https:\/\/www.facebook.com\/people\/Bereko-Benta\/","article_modified_time":"2025-05-15T15:11:23+00:00","og_image":[{"width":966,"height":752,"url":"https:\/\/berekobenta.com\/wp-content\/uploads\/2025\/05\/tarjetas-regalo-berekobenta.jpg","type":"image\/jpeg"}],"twitter_card":"summary_large_image","schema":{"@context":"https:\/\/schema.org","@graph":[{"@type":"WebPage","@id":"https:\/\/berekobenta.com\/ca\/targetes-regal\/","url":"https:\/\/berekobenta.com\/ca\/targetes-regal\/","name":"Regala un dinar al teu \u00e9sser estimat, targetes regal | Berekobenta","isPartOf":{"@id":"https:\/\/berekobenta.com\/ca\/#website"},"primaryImageOfPage":{"@id":"https:\/\/berekobenta.com\/ca\/targetes-regal\/#primaryimage"},"image":{"@id":"https:\/\/berekobenta.com\/ca\/targetes-regal\/#primaryimage"},"thumbnailUrl":"https:\/\/berekobenta.com\/wp-content\/uploads\/2025\/05\/tarjetas-regalo-berekobenta.jpg","datePublished":"2025-05-10T07:21:00+00:00","dateModified":"2025-05-15T15:11:23+00:00","description":"Et donem l'opci\u00f3 de regalar a qui vulguis, un bo sorpresa perqu\u00e8 puguin venir a dinar al nostre restaurant. Doneu-los una sorpresa.","breadcrumb":{"@id":"https:\/\/berekobenta.com\/ca\/targetes-regal\/#breadcrumb"},"inLanguage":"ca","potentialAction":[{"@type":"ReadAction","target":["https:\/\/berekobenta.com\/ca\/targetes-regal\/"]}]},{"@type":"ImageObject","inLanguage":"ca","@id":"https:\/\/berekobenta.com\/ca\/targetes-regal\/#primaryimage","url":"https:\/\/berekobenta.com\/wp-content\/uploads\/2025\/05\/tarjetas-regalo-berekobenta.jpg","contentUrl":"https:\/\/berekobenta.com\/wp-content\/uploads\/2025\/05\/tarjetas-regalo-berekobenta.jpg","width":966,"height":752,"caption":"tarjetas-regalo-berekobenta"},{"@type":"BreadcrumbList","@id":"https:\/\/berekobenta.com\/ca\/targetes-regal\/#breadcrumb","itemListElement":[{"@type":"ListItem","position":1,"name":"Portada","item":"https:\/\/berekobenta.com\/ca\/"},{"@type":"ListItem","position":2,"name":"Targetes regal"}]},{"@type":"WebSite","@id":"https:\/\/berekobenta.com\/ca\/#website","url":"https:\/\/berekobenta.com\/ca\/","name":"BerekoBenta en Izpegui","description":"Un lugar agradable donde comer bien","publisher":{"@id":"https:\/\/berekobenta.com\/ca\/#organization"},"potentialAction":[{"@type":"SearchAction","target":{"@type":"EntryPoint","urlTemplate":"https:\/\/berekobenta.com\/ca\/?s={search_term_string}"},"query-input":{"@type":"PropertyValueSpecification","valueRequired":true,"valueName":"search_term_string"}}],"inLanguage":"ca"},{"@type":"Organization","@id":"https:\/\/berekobenta.com\/ca\/#organization","name":"BerekoBenta Restaurante","url":"https:\/\/berekobenta.com\/ca\/","logo":{"@type":"ImageObject","inLanguage":"ca","@id":"https:\/\/berekobenta.com\/ca\/#\/schema\/logo\/image\/","url":"https:\/\/berekobenta.com\/wp-content\/uploads\/2025\/05\/Bereko-benta-logo.png","contentUrl":"https:\/\/berekobenta.com\/wp-content\/uploads\/2025\/05\/Bereko-benta-logo.png","width":512,"height":512,"caption":"BerekoBenta Restaurante"},"image":{"@id":"https:\/\/berekobenta.com\/ca\/#\/schema\/logo\/image\/"},"sameAs":["https:\/\/www.facebook.com\/people\/Bereko-Benta\/","https:\/\/www.instagram.com\/berekobentaizpegi\/"]}]}},"_links":{"self":[{"href":"https:\/\/berekobenta.com\/ca\/wp-json\/wp\/v2\/pages\/1318","targetHints":{"allow":["GET"]}}],"collection":[{"href":"https:\/\/berekobenta.com\/ca\/wp-json\/wp\/v2\/pages"}],"about":[{"href":"https:\/\/berekobenta.com\/ca\/wp-json\/wp\/v2\/types\/page"}],"author":[{"embeddable":true,"href":"https:\/\/berekobenta.com\/ca\/wp-json\/wp\/v2\/users\/1"}],"replies":[{"embeddable":true,"href":"https:\/\/berekobenta.com\/ca\/wp-json\/wp\/v2\/comments?post=1318"}],"version-history":[{"count":1,"href":"https:\/\/berekobenta.com\/ca\/wp-json\/wp\/v2\/pages\/1318\/revisions"}],"predecessor-version":[{"id":1319,"href":"https:\/\/berekobenta.com\/ca\/wp-json\/wp\/v2\/pages\/1318\/revisions\/1319"}],"wp:featuredmedia":[{"embeddable":true,"href":"https:\/\/berekobenta.com\/ca\/wp-json\/wp\/v2\/media\/910"}],"wp:attachment":[{"href":"https:\/\/berekobenta.com\/ca\/wp-json\/wp\/v2\/media?parent=1318"}],"curies":[{"name":"wp","href":"https:\/\/api.w.org\/{rel}","templated":true}]}}